{"id":10453,"date":"2020-03-10T17:49:53","date_gmt":"2020-03-10T16:49:53","guid":{"rendered":"https:\/\/arrigoni.it\/agrotextile\/webinars\/"},"modified":"2020-05-25T09:40:29","modified_gmt":"2020-05-25T07:40:29","slug":"webinars","status":"publish","type":"page","link":"https:\/\/arrigoni.it\/agrotextile\/webinars\/?lang=es","title":{"rendered":"Webinar"},"content":{"rendered":"<p>[vc_row][vc_column][vc_column_text]<\/p>\n<div class=\"page\" title=\"Page 1\">\n<div class=\"layoutArea\">\n<div class=\"column\">\n<h3>CURSOS DE FORMACI\u00d3N EN L\u00cdNEA ARRIGONI<\/h3>\n<p>&nbsp;<\/p>\n<p>La actividad de formaci\u00f3n e informaci\u00f3n del <strong>Grupo Arrigoni<\/strong> no se detiene, sino que se enriquece con una nueva herramienta digital.<\/p>\n<p>La soluci\u00f3n segura para continuar <strong>apoyando y ayudando a los productores agr\u00edcolas<\/strong>, incluso en estas semanas de contenci\u00f3n de la movilidad.<\/p>\n<p>Siempre hemos organizado seminarios y reuniones t\u00e9cnicas para productores: ahora definimos una nueva serie de eventos <strong>gratuitos y abiertos a todos&nbsp; que tendr\u00e1n lugar con conexi\u00f3n remota<\/strong>, simplemente gracias a la conexi\u00f3n a Internet.<\/p>\n<\/div>\n<\/div>\n<\/div>\n<p>[\/vc_column_text][\/vc_column][\/vc_row][vc_row][vc_column][vc_empty_space height=&#8221;100px&#8221;][\/vc_column][\/vc_row][vc_row][vc_column][vc_column_text]<\/p>\n<div class=\"page\" title=\"Page 1\">\n<div class=\"layoutArea\">\n<div class=\"column\">\n<p><em><img loading=\"lazy\" class=\"size-medium wp-image-10455 alignleft\" src=\"https:\/\/arrigoni.it\/agrotextile\/wp-content\/uploads\/2020\/04\/webinar-SP-1-300x300.jpg\" alt=\"\" width=\"300\" height=\"300\" srcset=\"https:\/\/arrigoni.it\/agrotextile\/wp-content\/uploads\/2020\/04\/webinar-SP-1-300x300.jpg 300w, https:\/\/arrigoni.it\/agrotextile\/wp-content\/uploads\/2020\/04\/webinar-SP-1-150x150.jpg 150w, https:\/\/arrigoni.it\/agrotextile\/wp-content\/uploads\/2020\/04\/webinar-SP-1-768x768.jpg 768w, https:\/\/arrigoni.it\/agrotextile\/wp-content\/uploads\/2020\/04\/webinar-SP-1-100x100.jpg 100w, https:\/\/arrigoni.it\/agrotextile\/wp-content\/uploads\/2020\/04\/webinar-SP-1.jpg 950w\" sizes=\"(max-width: 300px) 100vw, 300px\" \/>23 de abril &#8211; 17:00 (GMT +1)<\/em><\/p>\n<p><strong>GESTI\u00d3N DE LUZ Y TEMPERATURA<\/strong><\/p>\n<p>Pantallas termo-reflectantes para el mejoramiento vegetativo. Experiencias y nuevos desarrollos.<\/p>\n<p><span class=\"webinar-button\"><a href=\"https:\/\/youtu.be\/pVjNaeuZrI4\" target=\"_blank\" rel=\"noopener\">Clique para el video<\/a><\/span><\/p>\n<\/div>\n<\/div>\n<\/div>\n<p>[\/vc_column_text][\/vc_column][\/vc_row][vc_row][vc_column][vc_empty_space height=&#8221;100px&#8221;][\/vc_column][\/vc_row][vc_row][vc_column][vc_column_text]<\/p>\n<div class=\"page\" title=\"Page 1\">\n<div class=\"layoutArea\">\n<div class=\"column\">\n<p><em><img loading=\"lazy\" class=\"size-medium wp-image-10462 alignleft\" src=\"https:\/\/arrigoni.it\/agrotextile\/wp-content\/uploads\/2020\/04\/webinar-SP-2-300x300.jpg\" alt=\"\" width=\"300\" height=\"300\" srcset=\"https:\/\/arrigoni.it\/agrotextile\/wp-content\/uploads\/2020\/04\/webinar-SP-2-300x300.jpg 300w, https:\/\/arrigoni.it\/agrotextile\/wp-content\/uploads\/2020\/04\/webinar-SP-2-150x150.jpg 150w, https:\/\/arrigoni.it\/agrotextile\/wp-content\/uploads\/2020\/04\/webinar-SP-2-768x768.jpg 768w, https:\/\/arrigoni.it\/agrotextile\/wp-content\/uploads\/2020\/04\/webinar-SP-2-100x100.jpg 100w, https:\/\/arrigoni.it\/agrotextile\/wp-content\/uploads\/2020\/04\/webinar-SP-2.jpg 950w\" sizes=\"(max-width: 300px) 100vw, 300px\" \/>&nbsp;7 de mayo &#8211; 17:00 (GMT +1)<\/em><\/p>\n<p><strong>CONTROL DE INSECTOS Y MEJORA DEL CLIMA AMBOS EN INVERNADEROS DE ALTA TECNOLOG\u00cdA Y CASAS MALLAS<\/strong><\/p>\n<p>BIORETE AIR PLUS\u00ae: experiencias de producci\u00f3n con calabacin, tomate y pimiento.<\/p>\n<p><span class=\"webinar-button\"><a href=\"https:\/\/youtu.be\/ys5z-EEJMcM\" target=\"_blank\" rel=\"noopener\">Clique para el v\u00eddeo<\/a><\/span><\/p>\n<\/div>\n<\/div>\n<\/div>\n<p>[\/vc_column_text][\/vc_column][\/vc_row][vc_row][vc_column][vc_empty_space height=&#8221;100px&#8221;][\/vc_column][\/vc_row][vc_row][vc_column][vc_column_text]<\/p>\n<div class=\"page\" title=\"Page 1\">\n<div class=\"layoutArea\">\n<div class=\"column\">\n<p><em><img loading=\"lazy\" class=\"size-medium wp-image-10469 alignleft\" src=\"https:\/\/arrigoni.it\/agrotextile\/wp-content\/uploads\/2020\/04\/webinar-SP-3-300x300.jpg\" alt=\"\" width=\"300\" height=\"300\" srcset=\"https:\/\/arrigoni.it\/agrotextile\/wp-content\/uploads\/2020\/04\/webinar-SP-3-300x300.jpg 300w, https:\/\/arrigoni.it\/agrotextile\/wp-content\/uploads\/2020\/04\/webinar-SP-3-150x150.jpg 150w, https:\/\/arrigoni.it\/agrotextile\/wp-content\/uploads\/2020\/04\/webinar-SP-3-768x768.jpg 768w, https:\/\/arrigoni.it\/agrotextile\/wp-content\/uploads\/2020\/04\/webinar-SP-3-100x100.jpg 100w, https:\/\/arrigoni.it\/agrotextile\/wp-content\/uploads\/2020\/04\/webinar-SP-3.jpg 950w\" sizes=\"(max-width: 300px) 100vw, 300px\" \/>21 de mayo &#8211; 17:00 (GMT +1)<\/em><\/p>\n<p><strong>CONTROL DE LLUVIA: PROTECTA\u00ae SYSTEM<\/strong><\/p>\n<p>Pruebas comparativas entre film pl\u00e1stico y tejido de control de lluvia.<\/p>\n<p><span class=\"webinar-button\"><a href=\"https:\/\/youtu.be\/pnCpDbvWZ90\" target=\"_blank\" rel=\"noopener\">Clique para el v\u00eddeo<\/a><\/span><\/p>\n<\/div>\n<\/div>\n<\/div>\n<p>&nbsp;<\/p>\n<p>[\/vc_column_text][\/vc_column][\/vc_row][vc_row][vc_column][vc_empty_space height=&#8221;100px&#8221;][\/vc_column][\/vc_row][vc_row][vc_column][vc_column_text]<\/p>\n<div class=\"page\" title=\"Page 1\">\n<div class=\"layoutArea\">\n<div class=\"column\">\n<div class=\"page\" title=\"Page 2\">\n<div class=\"layoutArea\">\n<div class=\"column\">\n<p>\u00bfBusca consejos t\u00e9cnicos basados en el cliente?<\/p>\n<p>P\u00f3ngase en contacto con nuestros agr\u00f3nomos en&nbsp;<a href=\"mailto:solutions@arrigoni.it\"><strong>solutions@arrigoni.it<\/strong><\/a><\/p>\n<\/div>\n<\/div>\n<\/div>\n<\/div>\n<\/div>\n<\/div>\n<p>[\/vc_column_text][\/vc_column][\/vc_row][vc_row][vc_column]\n<div class=\"wpcf7 no-js\" id=\"wpcf7-f10475-o1\" lang=\"it-IT\" dir=\"ltr\">\n<div class=\"screen-reader-response\"><p role=\"status\" aria-live=\"polite\" aria-atomic=\"true\"><\/p> <ul><\/ul><\/div>\n<form action=\"\/agrotextile\/wp-json\/wp\/v2\/pages\/10453#wpcf7-f10475-o1\" method=\"post\" class=\"wpcf7-form init\" aria-label=\"Modulo di contatto\" novalidate=\"novalidate\" data-status=\"init\">\n<div style=\"display: none;\">\n<input type=\"hidden\" name=\"_wpcf7\" value=\"10475\" \/>\n<input type=\"hidden\" name=\"_wpcf7_version\" value=\"5.7.5.1\" \/>\n<input type=\"hidden\" name=\"_wpcf7_locale\" value=\"it_IT\" \/>\n<input type=\"hidden\" name=\"_wpcf7_unit_tag\" value=\"wpcf7-f10475-o1\" \/>\n<input type=\"hidden\" name=\"_wpcf7_container_post\" value=\"0\" \/>\n<input type=\"hidden\" name=\"_wpcf7_posted_data_hash\" value=\"\" \/>\n<input type=\"hidden\" name=\"_wpcf7_recaptcha_response\" value=\"\" \/>\n<\/div>\n<div style=\"width:45.5%; margin: 0 4% 1% 0; display: inline-block;\">\n\t<p><span class=\"wpcf7-form-control-wrap\" data-name=\"your-name\"><input size=\"40\" class=\"wpcf7-form-control wpcf7-text wpcf7-validates-as-required\" aria-required=\"true\" aria-invalid=\"false\" placeholder=\"Nombre y apelido*\" value=\"\" type=\"text\" name=\"your-name\" \/><\/span>\n\t<\/p>\n<\/div>\n<div style=\"width:49%; margin: 0 0 1% 0; display: inline-block;\">\n\t<p><span class=\"wpcf7-form-control-wrap\" data-name=\"your-city\"><input size=\"40\" class=\"wpcf7-form-control wpcf7-text wpcf7-validates-as-required\" aria-required=\"true\" aria-invalid=\"false\" placeholder=\"Pa\u00eds*\" value=\"\" type=\"text\" name=\"your-city\" \/><\/span>\n\t<\/p>\n<\/div>\n<div style=\"width:45.5%; margin: 0 4% 1% 0; display: inline-block;\">\n\t<p><span class=\"wpcf7-form-control-wrap\" data-name=\"menu-967\"><select class=\"wpcf7-form-control wpcf7-select wpcf7-validates-as-required\" aria-required=\"true\" aria-invalid=\"false\" name=\"menu-967\"><option value=\"\">&#8212;Seleziona un&#039;opzione&#8212;<\/option><option value=\"Productor \/ Agricultor\">Productor \/ Agricultor<\/option><option value=\"Detallista\">Detallista<\/option><option value=\"Distribuidor\">Distribuidor<\/option><option value=\"Constructor de invernaderos\">Constructor de invernaderos<\/option><option value=\"Ing Agr\u00f3nomo \/ Consultor\">Ing Agr\u00f3nomo \/ Consultor<\/option><option value=\"Estudiante\">Estudiante<\/option><option value=\"Aficionado\">Aficionado<\/option><option value=\"Criadero de caracoles\">Criadero de caracoles<\/option><\/select><\/span>\n\t<\/p>\n<\/div>\n<div style=\"width:49%; margin: 0 0 1% 0; display: inline-block;\">\n\t<p><span class=\"wpcf7-form-control-wrap\" data-name=\"menu-589\"><select class=\"wpcf7-form-control wpcf7-select wpcf7-validates-as-required\" aria-required=\"true\" aria-invalid=\"false\" name=\"menu-589\"><option value=\"GESTI\u00d3N DE LUZ Y TEMPERATURA\">GESTI\u00d3N DE LUZ Y TEMPERATURA<\/option><option value=\"CONTROL DE INSECTOS Y MEJORA DEL CLIMA\">CONTROL DE INSECTOS Y MEJORA DEL CLIMA<\/option><option value=\"CONTROL DE LLUVIA: PROTECTA SYSTEM\">CONTROL DE LLUVIA: PROTECTA SYSTEM<\/option><\/select><\/span>\n\t<\/p>\n<\/div>\n<p><span class=\"wpcf7-form-control-wrap\" data-name=\"your-email\"><input size=\"40\" class=\"wpcf7-form-control wpcf7-text wpcf7-email wpcf7-validates-as-required wpcf7-validates-as-email\" aria-required=\"true\" aria-invalid=\"false\" placeholder=\"E-mail*\" value=\"\" type=\"email\" name=\"your-email\" \/><\/span>\n<\/p>\n<div class=\"gdpr\">\n\t<p>De acuerdo con el art\u00edculo 13 del Reglamento (UE) 2016\/679 (GDPR), le informamos que sus datos personales, proporcionados libremente por usted, ser\u00e1n procesados \u200b\u200bpor Arrigoni SpA, Controlador de datos, con el \u00fanico prop\u00f3sito de encontrar su solicitud 'informaci\u00f3n. La provisi\u00f3n de sus datos personales es gratuita, sin embargo, el no proporcionarlos evitar\u00e1 que encontremos su solicitud. Si decide proporcionarnos sus datos, le informamos que estos ser\u00e1n procesados \u200b\u200bpor personal autorizado por el controlador de datos y se almacenar\u00e1n solo durante el tiempo necesario para cumplir con el prop\u00f3sito establecido (a menos que la ley exija lo contrario). En ning\u00fan caso, sus datos se divulgar\u00e1n o transferir\u00e1n al extranjero, pero le informamos que puede divulgarse a terceros que realicen, en nombre del Propietario, servicios espec\u00edficos destinados a garantizar el correcto seguimiento de los fines mencionados anteriormente. Finalmente le recordamos que, de conformidad con los art\u00edculos 15 y ss. del GDPR, usted tiene derecho a obtener acceso a los datos personales que le conciernen; la rectificaci\u00f3n de datos (correcci\u00f3n de datos incorrectos o integraci\u00f3n), la eliminaci\u00f3n de datos procesados \u200b\u200ben violaci\u00f3n de la ley o si existe una de las razones especificadas en el art\u00edculo 17 del GDPR. Tambi\u00e9n tiene derecho a presentar una queja ante una autoridad de supervisi\u00f3n si cree que no se han reconocido los derechos enumerados aqu\u00ed. Para ejercer estos derechos, p\u00f3ngase en contacto con el controlador de datos escribiendo a Arrigoni S.p.A. - Via Monte Prato, 3 - 22029 Uggiate Trevano (CO) - Italia o enviando un correo electr\u00f3nico a la direcci\u00f3n <a href=\"mailto:info@arrigoni.it\">info@arrigoni.it<\/a>.\n\t<\/p>\n<\/div>\n<p><span class=\"wpcf7-form-control-wrap\" data-name=\"nl\"><span class=\"wpcf7-form-control wpcf7-acceptance\"><span class=\"wpcf7-list-item\"><label><input type=\"checkbox\" name=\"nl\" value=\"1\" aria-invalid=\"false\" \/><span class=\"wpcf7-list-item-label\">Acepta el <a href=\"https:\/\/arrigoni.it\/agrotextile\/privacy-policy\/?lang=es \"> pol\u00edtica de privacidad <\/a><\/span><\/label><\/span><\/span><\/span>\n<\/p>\n<p><span style=\"margin:5px 0;\">\n\t<\/span>\n<\/p>\n<p><input class=\"wpcf7-form-control has-spinner wpcf7-submit\" type=\"submit\" value=\"Enviar\" \/>\n<\/p><input type='hidden' class='wpcf7-pum' value='{\"closepopup\":false,\"closedelay\":0,\"openpopup\":false,\"openpopup_id\":0}' \/><div class=\"wpcf7-response-output\" aria-hidden=\"true\"><\/div>\n<\/form>\n<\/div>\n[\/vc_column][\/vc_row]<\/p>\n","protected":false},"excerpt":{"rendered":"<p>[vc_row][vc_column][vc_column_text] CURSOS DE FORMACI\u00d3N EN L\u00cdNEA ARRIGONI &nbsp; La actividad de formaci\u00f3n e informaci\u00f3n del Grupo Arrigoni no se detiene, sino que se enriquece con una nueva herramienta digital. La soluci\u00f3n segura para continuar apoyando y ayudando a los productores agr\u00edcolas, incluso en estas semanas de contenci\u00f3n de la movilidad. Siempre hemos organizado seminarios y &hellip; <\/p>\n<p class=\"link-more\"><a href=\"https:\/\/arrigoni.it\/agrotextile\/webinars\/?lang=es\" class=\"more-link\">Leggi tutto<span class=\"screen-reader-text\"> &#8220;Webinar&#8221;<\/span><\/a><\/p>\n","protected":false},"author":3,"featured_media":0,"parent":0,"menu_order":11,"comment_status":"closed","ping_status":"closed","template":"paginacustomM.php","meta":{"ngg_post_thumbnail":0},"acf":[],"_links":{"self":[{"href":"https:\/\/arrigoni.it\/agrotextile\/wp-json\/wp\/v2\/pages\/10453"}],"collection":[{"href":"https:\/\/arrigoni.it\/agrotextile\/wp-json\/wp\/v2\/pages"}],"about":[{"href":"https:\/\/arrigoni.it\/agrotextile\/wp-json\/wp\/v2\/types\/page"}],"author":[{"embeddable":true,"href":"https:\/\/arrigoni.it\/agrotextile\/wp-json\/wp\/v2\/users\/3"}],"replies":[{"embeddable":true,"href":"https:\/\/arrigoni.it\/agrotextile\/wp-json\/wp\/v2\/comments?post=10453"}],"version-history":[{"count":10,"href":"https:\/\/arrigoni.it\/agrotextile\/wp-json\/wp\/v2\/pages\/10453\/revisions"}],"predecessor-version":[{"id":10540,"href":"https:\/\/arrigoni.it\/agrotextile\/wp-json\/wp\/v2\/pages\/10453\/revisions\/10540"}],"wp:attachment":[{"href":"https:\/\/arrigoni.it\/agrotextile\/wp-json\/wp\/v2\/media?parent=10453"}],"curies":[{"name":"wp","href":"https:\/\/api.w.org\/{rel}","templated":true}]}}