{"id":2311,"date":"2018-06-21T16:50:07","date_gmt":"2018-06-21T14:50:07","guid":{"rendered":"https:\/\/arrigoni.it\/agrotextile\/colture\/protezione-per-porro-e-cipolla\/"},"modified":"2018-08-28T14:42:19","modified_gmt":"2018-08-28T12:42:19","slug":"protezione-per-porro-e-cipolla","status":"publish","type":"page","link":"https:\/\/arrigoni.it\/agrotextile\/colture\/protezione-per-porro-e-cipolla\/?lang=es","title":{"rendered":"Protecci\u00f3n para el puerro y la cebolla"},"content":{"rendered":"<h3>premisa<\/h3>\n<p>Todos los miembros de la familia de la cebolla son sensibles a las bajas temperaturas y las heladas pueden causar da\u00f1os significativos a los tallos y bulbos j\u00f3venes<br \/>\nLos estres clim\u00e1ticos como heladas primaverales, baja humedad, calor insuficiente, granizo, etc. afectan el desarrollo del follaje e influyen directamente en la producci\u00f3n de bulbos. Por lo tanto, la producci\u00f3n de cebollas requiere temperaturas m\u00e1s altas y baja humedad para el desarrollo \u00f3ptimo del follaje y posteriormente del bulbo<\/p>\n","protected":false},"excerpt":{"rendered":"<p>premisa Todos los miembros de la familia de la cebolla son sensibles a las bajas temperaturas y las heladas pueden causar da\u00f1os significativos a los tallos y bulbos j\u00f3venes Los estres clim\u00e1ticos como heladas primaverales, baja humedad, calor insuficiente, granizo, etc. afectan el desarrollo del follaje e influyen directamente en la producci\u00f3n de bulbos. Por &hellip; <\/p>\n<p class=\"link-more\"><a href=\"https:\/\/arrigoni.it\/agrotextile\/colture\/protezione-per-porro-e-cipolla\/?lang=es\" class=\"more-link\">Leggi tutto<span class=\"screen-reader-text\"> &#8220;Protecci\u00f3n para el puerro y la cebolla&#8221;<\/span><\/a><\/p>\n","protected":false},"author":1,"featured_media":0,"parent":2255,"menu_order":16,"comment_status":"closed","ping_status":"closed","template":"colture.php","meta":{"ngg_post_thumbnail":0},"acf":[],"_links":{"self":[{"href":"https:\/\/arrigoni.it\/agrotextile\/wp-json\/wp\/v2\/pages\/2311"}],"collection":[{"href":"https:\/\/arrigoni.it\/agrotextile\/wp-json\/wp\/v2\/pages"}],"about":[{"href":"https:\/\/arrigoni.it\/agrotextile\/wp-json\/wp\/v2\/types\/page"}],"author":[{"embeddable":true,"href":"https:\/\/arrigoni.it\/agrotextile\/wp-json\/wp\/v2\/users\/1"}],"replies":[{"embeddable":true,"href":"https:\/\/arrigoni.it\/agrotextile\/wp-json\/wp\/v2\/comments?post=2311"}],"version-history":[{"count":9,"href":"https:\/\/arrigoni.it\/agrotextile\/wp-json\/wp\/v2\/pages\/2311\/revisions"}],"predecessor-version":[{"id":3007,"href":"https:\/\/arrigoni.it\/agrotextile\/wp-json\/wp\/v2\/pages\/2311\/revisions\/3007"}],"up":[{"embeddable":true,"href":"https:\/\/arrigoni.it\/agrotextile\/wp-json\/wp\/v2\/pages\/2255"}],"wp:attachment":[{"href":"https:\/\/arrigoni.it\/agrotextile\/wp-json\/wp\/v2\/media?parent=2311"}],"curies":[{"name":"wp","href":"https:\/\/api.w.org\/{rel}","templated":true}]}}