{"id":2463,"date":"2018-06-21T16:52:21","date_gmt":"2018-06-21T14:52:21","guid":{"rendered":"https:\/\/arrigoni.it\/agrotextile\/colture\/protezione-per-uva-da-vino\/"},"modified":"2018-08-28T15:34:53","modified_gmt":"2018-08-28T13:34:53","slug":"protezione-per-uva-da-vino","status":"publish","type":"page","link":"https:\/\/arrigoni.it\/agrotextile\/colture\/protezione-per-uva-da-vino\/?lang=es","title":{"rendered":"Protecci\u00f3n para uvas de vino"},"content":{"rendered":"<h3>premisa<\/h3>\n<p>Las condiciones clim\u00e1ticas extremas como tormentas de granizo, altas temperaturas o ia irradiaci\u00f3n UV, viento fuerte y otros factores fuera del control de los cultivadores, afectan terriblemente el rendimiento y la calidad de la uva causando da\u00f1os, reducci\u00f3n de la vida \u00fatil y p\u00e9rdidas de valor nutritivo.<\/p>\n","protected":false},"excerpt":{"rendered":"<p>premisa Las condiciones clim\u00e1ticas extremas como tormentas de granizo, altas temperaturas o ia irradiaci\u00f3n UV, viento fuerte y otros factores fuera del control de los cultivadores, afectan terriblemente el rendimiento y la calidad de la uva causando da\u00f1os, reducci\u00f3n de la vida \u00fatil y p\u00e9rdidas de valor nutritivo.<\/p>\n","protected":false},"author":1,"featured_media":0,"parent":2255,"menu_order":20,"comment_status":"closed","ping_status":"closed","template":"colture.php","meta":{"ngg_post_thumbnail":0},"acf":[],"_links":{"self":[{"href":"https:\/\/arrigoni.it\/agrotextile\/wp-json\/wp\/v2\/pages\/2463"}],"collection":[{"href":"https:\/\/arrigoni.it\/agrotextile\/wp-json\/wp\/v2\/pages"}],"about":[{"href":"https:\/\/arrigoni.it\/agrotextile\/wp-json\/wp\/v2\/types\/page"}],"author":[{"embeddable":true,"href":"https:\/\/arrigoni.it\/agrotextile\/wp-json\/wp\/v2\/users\/1"}],"replies":[{"embeddable":true,"href":"https:\/\/arrigoni.it\/agrotextile\/wp-json\/wp\/v2\/comments?post=2463"}],"version-history":[{"count":4,"href":"https:\/\/arrigoni.it\/agrotextile\/wp-json\/wp\/v2\/pages\/2463\/revisions"}],"predecessor-version":[{"id":3036,"href":"https:\/\/arrigoni.it\/agrotextile\/wp-json\/wp\/v2\/pages\/2463\/revisions\/3036"}],"up":[{"embeddable":true,"href":"https:\/\/arrigoni.it\/agrotextile\/wp-json\/wp\/v2\/pages\/2255"}],"wp:attachment":[{"href":"https:\/\/arrigoni.it\/agrotextile\/wp-json\/wp\/v2\/media?parent=2463"}],"curies":[{"name":"wp","href":"https:\/\/api.w.org\/{rel}","templated":true}]}}