{"id":3,"date":"2018-05-21T16:12:59","date_gmt":"2018-05-21T14:12:59","guid":{"rendered":"https:\/\/arrigoni.it\/agrotextile\/?page_id=3"},"modified":"2025-01-15T14:49:58","modified_gmt":"2025-01-15T13:49:58","slug":"privacy-policy","status":"publish","type":"page","link":"https:\/\/arrigoni.it\/agrotextile\/privacy-policy\/","title":{"rendered":"Privacy Policy"},"content":{"rendered":"<h2>PRIVACY POLICY<\/h2>\n<p>In conformit\u00e0 con quanto disposto dagli artt. 13 e 14 del Regolamento (UE) 2016\/679 sulla Protezione dei Dati Personali, il testo riportato di seguito indica le modalit\u00e0 che adottiamo nel rispetto della privacy dei visitatori di questo sito, descrivendo come raccogliamo, utilizziamo e proteggiamo le informazioni personali, i diritti loro riconosciuti e le modalit\u00e0 con cui possono contattarci.<\/p>\n<h3>Titolare del Trattamento<\/h3>\n<p>Arrigoni S.p.A. con sede a<br \/>\nVia Monte Prato, 3 \u2013 22029 Uggiate con Ronago (CO) Italy.<\/p>\n<h3>Finalit\u00e0 del Trattamento<\/h3>\n<p>Raccogliamo attraverso il nostro sito web informazioni personali che i signori visitatori sono liberi di fornire tramite la compilazione dell\u2019 apposito form di registrazione, per le seguenti finalit\u00e0:<\/p>\n<p>&#8211; Soddisfare la specifica richiesta sottoposta dall&#8217;Utente;<\/p>\n<p>&#8211; Consentire l\u2019accesso all&#8217;area riservata e gestirne le attivit\u00e0 correlate;<\/p>\n<p>&#8211; Attivit\u00e0 di elaborazione di reportistica e analisi statistica, anche al fine di individuare le aree geografiche di maggiore interesse commerciale;<\/p>\n<p>&#8211; Invio di news, aggiornamenti, comunicazioni informative e proposte commerciali, pubblicizzazione di eventi ed altre attivit\u00e0 di marketing diretto e commerciali;<\/p>\n<p>Il conferimento dei dati ha natura facoltativa, tuttavia risulta necessario per soddisfare la richiesta del visitatore, ovvero per perfezionare il rapporto tra le parti.<\/p>\n<p>Tale trattamento si fonda sul principio espresso dall&#8217;Art. 6 del Regolamento, secondo il quale il trattamento di dati personali \u00e8 lecito se necessario all\u2019esecuzione del servizio richiesto dall&#8217;interessato dei dati.<\/p>\n<p>Il conferimento dei dati per finalit\u00e0 di promozione \u00e8 facoltativo, il rifiuto non comporta alcuna conseguenza, salvo l\u2019impossibilit\u00e0 di ricevere materiale promozionale inerente le attivit\u00e0 e i progetti.<\/p>\n<h3>Tipologia dei dati personali raccolti<\/h3>\n<p>I dati personali raccolti tramite sito internet riguardano precisamente i dati anagrafici e di contatto, nonch\u00e9 il messaggio che il visitatore intende inviare al Titolare.<\/p>\n<p>Oltre ai dati comuni forniti direttamente e intenzionalmente dall&#8217;utente, i sistemi informatici e le procedure software preposte al funzionamento di questo sito web acquisiscono, nel corso del loro normale funzionamento, alcuni dati di navigazione la cui trasmissione \u00e8 implicita nell&#8217;uso dei protocolli di comunicazione della rete Internet.<\/p>\n<p>Per maggiori informazioni a riguardo si rimanda alla Cookie Policy dedicata.<\/p>\n<p>Arrigoni S.p.A. non raccoglie deliberatamente alcun dato particolare attraverso questo sito web.<\/p>\n<h3>Modalit\u00e0 di Trattamento<\/h3>\n<p>Per trattamento di dati personali si intende la loro raccolta, registrazione, organizzazione, conservazione, elaborazione, modificazione, selezione, estrazione, raffronto, utilizzo, interconnessione, blocco, comunicazione, diffusione, cancellazione e distruzione, ovvero la combinazione di due o pi\u00f9 di tali operazioni, anche attraverso strumenti automatizzati atti a memorizzare, gestire e trasmettere i dati stessi, utilizzando strumenti idonei a garantire la sicurezza e la riservatezza.<\/p>\n<p>Per quanto attiene la sicurezza, Vi comunichiamo che la banca dati \u00e8 accessibile solo da parte del personale a ci\u00f2 incaricato dal Titolare, cos\u00ec come le relative operazioni sopra descritte e che il trattamento dei Vostri dati avverr\u00e0 mediante modalit\u00e0 e strumenti idonei a garantirne la riservatezza e potr\u00e0 essere effettuato attraverso mezzi elettronici o automatizzati ed attraverso mezzi non automatizzati (archivi cartacei), forniti entrambi di adeguate misure di sicurezza, cos\u00ec come previste dal Regolamento (UE) 2016\/679 sulla Protezione dei Dati Personali, per prevenire la perdita dei dati, gli usi illeciti o non corretti e gli accessi non autorizzati.<\/p>\n<h3>Comunicazione dei dati a terzi<\/h3>\n<p>Fatte salve eventuali comunicazioni per adempiere ad obblighi di legge, il Titolare comunicher\u00e0 i dati personali forniti dai signori visitatori con attenzione solo a fornitori selezionati per il supporto del servizio richiesto, opportunamente nominati Responsabili Esterni del trattamento.<\/p>\n<h3>Collegamenti con siti di terzi<\/h3>\n<p>Invitiamo gli utenti a considerare che il sito contiene collegamenti (link) ad altri siti che non sono coperti da questa informativa privacy. I signori visitatori del nostro sito possono essere indirizzati verso siti di terzi per ottenere maggiori informazioni, quale ad esempio, eventi, promozioni di contenuti, servizi di fornitori; Arrigoni S.p.A. non presta alcuna garanzia riguardo al modo in cui i dati dell\u2019utente sono memorizzati o utilizzati dai server di terzi. Raccomandiamo di esaminare l\u2019informativa privacy di ciascun sito di terzi raggiunto attraverso il sito al fine di comprendere il loro uso dei Vostri dati personali.<\/p>\n<p>&nbsp;<\/p>\n<h3>Utilizzo dei Social Media<\/h3>\n<p>Il sito pu\u00f2 anche fornire collegamenti (link) ad altre piattaforme di social media che conducono a server installati da individui o organizzazioni su cui non ha alcun controllo. Arrigoni S.p.A. non fornisce alcuna rappresentazione, n\u00e9 assume alcuna responsabilit\u00e0 riguardo l\u2019accuratezza o qualunque altro aspetto delle informazioni disponibili presso tali siti. Il collegamento (link) ad un sito di un terzo non pu\u00f2 essere inteso come una validazione, n\u00e9 da parte di Arrigoni n\u00e9 di tale terzo, dei prodotti e servizi di altri o tale terzo. Arrigoni S.p.A. non rilascia dichiarazioni o garanzie riguardo l\u2019uso o l\u2019archiviazione dei dati dell\u2019utente presso i siti di terzi. Si invitano i signori utenti ad esaminare attentamente la policy sulla privacy che regola i siti di terzi collegati al nostro sito web per avere una visione completa del possibile utilizzo dei Vostri dati personali.<\/p>\n<h3>Conservazione Dei Dati<\/h3>\n<p>I dati personali conferiti tramite sito internet saranno conservati per il tempo necessario all\u2019espletamento della richiesta, ovvero in relazione all\u2019esercizio delle prestazioni dedotte tra le parti.<\/p>\n<p>Per quanto attiene le specifiche finalit\u00e0 promozionali, si fa presente che i dati conferiti saranno conservati per un periodo di due anni, fatto salvo il diritto dell\u2019interessato di revocare il consenso in ogni momento.<\/p>\n<h3>Diritti dell&#8217;interessato<\/h3>\n<p>Ai sensi del Regolamento EU 679\/2016, al soggetto interessato sono riconosciuti: il diritto di chiedere al Titolare del trattamento l&#8217;accesso ai dati personali (art. 15), la rettifica (art. 16), la cancellazione degli stessi o l\u2019oblio (art. 17), la limitazione del trattamento dei dati personali che la riguardano (art. 18), il diritto alla portabilit\u00e0 dei dati (art. 20) o di opporsi al loro trattamento (art. 21), oltre al diritto di non essere sottoposto a una decisione basata unicamente sul trattamento automatizzato, compresa la profilazione, che produca effetti giuridici che la riguardano o che incida allo stesso modo significativamente sulla sua persona (art. 22).<\/p>\n<p>Qualora il trattamento dei dati personali si basi sul consenso espresso da Lei fornito, ai sensi dell\u2019art. 7 paragrafo 3 del Regolamento, le \u00e8 riconosciuta la possibilit\u00e0 di recedere in ogni momento dall\u2019abbonamento alla newsletter ovvero revocare il consenso fornito per l\u2019invio di comunicazioni e aggiornamenti per finalit\u00e0 di marketing e commerciali.<\/p>\n<p>Le \u00e8 altres\u00ec riconosciuto il diritto di proporre reclamo all&#8217;Autorit\u00e0 di controllo preposta (art. 77 del Regolamento) qualora ritenga che il trattamento effettuato da parte del Titolare non sia conforme.<\/p>\n<p>Le richieste potranno essere esercitate nei confronti del Titolare del trattamento scrivendo a info@arrigoni.it<\/p>\n<h3>Modifiche a questa policy<\/h3>\n<p>Il Titolare si riserva la facolt\u00e0 di modificare questa informativa secondo quanto si render\u00e0 necessario. Vi invitiamo a controllare questa pagina periodicamente nel caso vogliate tenere sotto controllo i cambiamenti.<\/p>\n<p>&nbsp;<\/p>\n","protected":false},"excerpt":{"rendered":"<p>PRIVACY POLICY In conformit\u00e0 con quanto disposto dagli artt. 13 e 14 del Regolamento (UE) 2016\/679 sulla Protezione dei Dati Personali, il testo riportato di seguito indica le modalit\u00e0 che adottiamo nel rispetto della privacy dei visitatori di questo sito, descrivendo come raccogliamo, utilizziamo e proteggiamo le informazioni personali, i diritti loro riconosciuti e le &hellip; <\/p>\n<p class=\"link-more\"><a href=\"https:\/\/arrigoni.it\/agrotextile\/privacy-policy\/\" class=\"more-link\">Leggi tutto<span class=\"screen-reader-text\"> &#8220;Privacy Policy&#8221;<\/span><\/a><\/p>\n","protected":false},"author":1,"featured_media":0,"parent":0,"menu_order":0,"comment_status":"closed","ping_status":"open","template":"privacypolicy.php","meta":{"ngg_post_thumbnail":0},"acf":[],"_links":{"self":[{"href":"https:\/\/arrigoni.it\/agrotextile\/wp-json\/wp\/v2\/pages\/3"}],"collection":[{"href":"https:\/\/arrigoni.it\/agrotextile\/wp-json\/wp\/v2\/pages"}],"about":[{"href":"https:\/\/arrigoni.it\/agrotextile\/wp-json\/wp\/v2\/types\/page"}],"author":[{"embeddable":true,"href":"https:\/\/arrigoni.it\/agrotextile\/wp-json\/wp\/v2\/users\/1"}],"replies":[{"embeddable":true,"href":"https:\/\/arrigoni.it\/agrotextile\/wp-json\/wp\/v2\/comments?post=3"}],"version-history":[{"count":5,"href":"https:\/\/arrigoni.it\/agrotextile\/wp-json\/wp\/v2\/pages\/3\/revisions"}],"predecessor-version":[{"id":22509,"href":"https:\/\/arrigoni.it\/agrotextile\/wp-json\/wp\/v2\/pages\/3\/revisions\/22509"}],"wp:attachment":[{"href":"https:\/\/arrigoni.it\/agrotextile\/wp-json\/wp\/v2\/media?parent=3"}],"curies":[{"name":"wp","href":"https:\/\/api.w.org\/{rel}","templated":true}]}}